{"id":59,"date":"2025-03-28T03:28:09","date_gmt":"2025-03-28T03:28:09","guid":{"rendered":"https:\/\/demo2wpopal.b-cdn.net\/spaciaz\/?page_id=59"},"modified":"2025-06-30T17:35:45","modified_gmt":"2025-06-30T17:35:45","slug":"preguntas-frecuentes-2","status":"publish","type":"page","link":"https:\/\/villanela.co\/index.php\/preguntas-frecuentes-2\/","title":{"rendered":"Preguntas Frecuentes"},"content":{"rendered":"\t\t<div data-elementor-type=\"wp-page\" data-elementor-id=\"59\" class=\"elementor elementor-59\">\n\t\t\t\t<div class=\"elementor-element elementor-element-184cccf e-con-full e-flex e-con e-parent\" data-id=\"184cccf\" data-element_type=\"container\" data-settings=\"{&quot;background_background&quot;:&quot;classic&quot;}\">\n\t\t<div class=\"elementor-element elementor-element-514fb02 e-flex e-con-boxed e-con e-child\" data-id=\"514fb02\" data-element_type=\"container\">\n\t\t\t\t\t<div class=\"e-con-inner\">\n\t\t\t\t<div class=\"elementor-element elementor-element-3183bcf elementor-widget elementor-widget-page-title\" data-id=\"3183bcf\" data-element_type=\"widget\" data-widget_type=\"page-title.default\">\n\t\t\t\t<div class=\"elementor-widget-container\">\n\t\t\t\t\t\t\t\n\t\t<div class=\"hfe-page-title hfe-page-title-wrapper elementor-widget-heading\">\n\n\t\t\t\t\t\t\t\t<h2 class=\"elementor-heading-title elementor-size-default\">\n\t\t\t\t\t\t\t\t\n\t\t\t\tPreguntas Frecuentes  \n\t\t\t<\/h2 > \n\t\t\t\t\t<\/div>\n\t\t\t\t\t\t<\/div>\n\t\t\t\t<\/div>\n\t\t<div class=\"elementor-element elementor-element-bd15d3b e-con-full e-flex e-con e-child\" data-id=\"bd15d3b\" data-element_type=\"container\">\n\t\t\t\t<div class=\"elementor-element elementor-element-21df135 elementor-widget elementor-widget-hfe-breadcrumbs-widget\" data-id=\"21df135\" data-element_type=\"widget\" data-widget_type=\"hfe-breadcrumbs-widget.default\">\n\t\t\t\t<div class=\"elementor-widget-container\">\n\t\t\t\t\t<nav aria-label=\"Breadcrumb\"><ul class=\"hfe-breadcrumbs hfe-breadcrumbs-show-home\"><li class=\"hfe-breadcrumbs-item hfe-breadcrumbs-first\"><span class=\"hfe-breadcrumbs-home-icon\"><\/span><a href=\"https:\/\/villanela.co\"><span class=\"hfe-breadcrumbs-text\">Home<\/span><\/a><\/li><\/ul><\/nav>\t\t\t\t<\/div>\n\t\t\t\t<\/div>\n\t\t\t\t<div class=\"elementor-element elementor-element-d2639a9 elementor-widget__width-initial elementor-hidden-mobile elementor-widget elementor-widget-heading\" data-id=\"d2639a9\" data-element_type=\"widget\" data-widget_type=\"heading.default\">\n\t\t\t\t<div class=\"elementor-widget-container\">\n\t\t\t\t\t<div class=\"elementor-heading-title elementor-size-default\"><br><br><br><\/div>\t\t\t\t<\/div>\n\t\t\t\t<\/div>\n\t\t\t\t<\/div>\n\t\t\t\t\t<\/div>\n\t\t\t\t<\/div>\n\t\t\t\t<div class=\"elementor-element elementor-element-da75665 elementor-widget elementor-widget-spacer\" data-id=\"da75665\" data-element_type=\"widget\" data-widget_type=\"spacer.default\">\n\t\t\t\t<div class=\"elementor-widget-container\">\n\t\t\t\t\t\t\t<div class=\"elementor-spacer\">\n\t\t\t<div class=\"elementor-spacer-inner\"><\/div>\n\t\t<\/div>\n\t\t\t\t\t\t<\/div>\n\t\t\t\t<\/div>\n\t\t\t\t<\/div>\n\t\t<div class=\"elementor-element elementor-element-9321a9a e-flex e-con-boxed e-con e-parent\" data-id=\"9321a9a\" data-element_type=\"container\">\n\t\t\t\t\t<div class=\"e-con-inner\">\n\t\t<div class=\"elementor-element elementor-element-5a2202e e-con-full e-flex e-con e-child\" data-id=\"5a2202e\" data-element_type=\"container\">\n\t\t\t\t<div class=\"elementor-element elementor-element-a4c1de0 elementor-widget__width-initial elementor-widget-mobile_extra__width-inherit elementor-widget-mobile__width-inherit animated-fast elementor-invisible elementor-widget elementor-widget-heading\" data-id=\"a4c1de0\" data-element_type=\"widget\" data-settings=\"{&quot;_animation&quot;:&quot;opal-move-up&quot;}\" data-widget_type=\"heading.default\">\n\t\t\t\t<div class=\"elementor-widget-container\">\n\t\t\t\t\t<h2 class=\"elementor-heading-title elementor-size-default\">Preguntas Frecuentes<\/h2>\t\t\t\t<\/div>\n\t\t\t\t<\/div>\n\t\t\t\t<\/div>\n\t\t\t\t<div class=\"elementor-element elementor-element-062102f elementor-widget__width-inherit animated-fast elementor-invisible elementor-widget elementor-widget-n-accordion\" data-id=\"062102f\" data-element_type=\"widget\" data-settings=\"{&quot;_animation&quot;:&quot;opal-move-up&quot;,&quot;default_state&quot;:&quot;expanded&quot;,&quot;max_items_expended&quot;:&quot;one&quot;,&quot;n_accordion_animation_duration&quot;:{&quot;unit&quot;:&quot;ms&quot;,&quot;size&quot;:400,&quot;sizes&quot;:[]}}\" data-widget_type=\"nested-accordion.default\">\n\t\t\t\t<div class=\"elementor-widget-container\">\n\t\t\t\t\t\t\t<div class=\"e-n-accordion\" aria-label=\"Accordion. Open links with Enter or Space, close with Escape, and navigate with Arrow Keys\">\n\t\t\t\t\t\t<details id=\"e-n-accordion-item-6420\" class=\"e-n-accordion-item\" open>\n\t\t\t\t<summary class=\"e-n-accordion-item-title\" data-accordion-index=\"1\" tabindex=\"0\" aria-expanded=\"true\" aria-controls=\"e-n-accordion-item-6420\" >\n\t\t\t\t\t<span class='e-n-accordion-item-title-header'><h6 class=\"e-n-accordion-item-title-text\"> Qu\u00e9 incluye el precio? <\/h6><\/span>\n\t\t\t\t\t\t\t<span class='e-n-accordion-item-title-icon'>\n\t\t\t<span class='e-opened' ><i aria-hidden=\"true\" class=\"spaciaz-icon- spaciaz-icon-chevron-up\"><\/i><\/span>\n\t\t\t<span class='e-closed'><i aria-hidden=\"true\" class=\"spaciaz-icon- spaciaz-icon-chevron-down\"><\/i><\/span>\n\t\t<\/span>\n\n\t\t\t\t\t\t<\/summary>\n\t\t\t\t<div role=\"region\" aria-labelledby=\"e-n-accordion-item-6420\" class=\"elementor-element elementor-element-8af5d05 e-con-full e-flex e-con e-child\" data-id=\"8af5d05\" data-element_type=\"container\">\n\t\t\t\t<div class=\"elementor-element elementor-element-bd48e85 elementor-widget__width-initial elementor-widget elementor-widget-text-editor\" data-id=\"bd48e85\" data-element_type=\"widget\" data-widget_type=\"text-editor.default\">\n\t\t\t\t<div class=\"elementor-widget-container\">\n\t\t\t\t\t\t\t\t\t<p>Cada vivienda en <strong>Villanela Condominio Club<\/strong> se entrega <strong>completamente terminada<\/strong>, con acabados de alta gama seleccionados para brindar elegancia, durabilidad y confort. La cocina, los ba\u00f1os, los pisos, la ventaner\u00eda termoac\u00fastica y todos los espacios interiores est\u00e1n listos para habitar y disfrutar desde el primer d\u00eda.<\/p><p>Las casas est\u00e1n dise\u00f1adas para un alto confort t\u00e9rmico natural, gracias a sus elementos pasivos: techos altos, ventilaci\u00f3n cruzada, muros de ladrillo con inercia t\u00e9rmica y ventaner\u00eda de doble cristal, y para quien necesite aire acondicionado, no hay problema, se entregan con la preinstalaci\u00f3n de aire acondicionado.<\/p><p>Adem\u00e1s, Villanela ofrece una <strong>opci\u00f3n de entrega con sistema de paneles solares instalado<\/strong>, para quienes desean dar el paso hacia la autosuficiencia energ\u00e9tica desde el inicio. Esta inversi\u00f3n se puede integrar a la financiaci\u00f3n hipotecaria, y su impacto en la cuota mensual es <strong>significativamente menor al ahorro que genera en la factura el\u00e9ctrica<\/strong>.<\/p><p><strong>Ahorra desde el primer mes y cuida el planeta sin esfuerzo: vivir en Villanela tambi\u00e9n es una decisi\u00f3n inteligente.<\/strong><\/p>\t\t\t\t\t\t\t\t<\/div>\n\t\t\t\t<\/div>\n\t\t\t\t<\/div>\n\t\t\t\t\t<\/details>\n\t\t\t\t\t\t<details id=\"e-n-accordion-item-6421\" class=\"e-n-accordion-item\" >\n\t\t\t\t<summary class=\"e-n-accordion-item-title\" data-accordion-index=\"2\" tabindex=\"-1\" aria-expanded=\"false\" aria-controls=\"e-n-accordion-item-6421\" >\n\t\t\t\t\t<span class='e-n-accordion-item-title-header'><h6 class=\"e-n-accordion-item-title-text\"> \u00bfSe puede separar online? <\/h6><\/span>\n\t\t\t\t\t\t\t<span class='e-n-accordion-item-title-icon'>\n\t\t\t<span class='e-opened' ><i aria-hidden=\"true\" class=\"spaciaz-icon- spaciaz-icon-chevron-up\"><\/i><\/span>\n\t\t\t<span class='e-closed'><i aria-hidden=\"true\" class=\"spaciaz-icon- spaciaz-icon-chevron-down\"><\/i><\/span>\n\t\t<\/span>\n\n\t\t\t\t\t\t<\/summary>\n\t\t\t\t<div role=\"region\" aria-labelledby=\"e-n-accordion-item-6421\" class=\"elementor-element elementor-element-57a645b e-con-full e-flex e-con e-child\" data-id=\"57a645b\" data-element_type=\"container\">\n\t\t\t\t<div class=\"elementor-element elementor-element-01848b1 elementor-widget__width-initial elementor-widget elementor-widget-text-editor\" data-id=\"01848b1\" data-element_type=\"widget\" data-widget_type=\"text-editor.default\">\n\t\t\t\t<div class=\"elementor-widget-container\">\n\t\t\t\t\t\t\t\t\t<p>En <strong>Villanela Condominio Club<\/strong> creemos que una inversi\u00f3n tan especial merece un acompa\u00f1amiento igual de excepcional. Por eso, <strong>no realizamos separaciones automatizadas ni en l\u00ednea<\/strong>.<\/p><p>Cada casa en Villanela es \u00fanica, y cada cliente tambi\u00e9n. Nuestro equipo comercial ofrece un <strong>trato completamente personalizado<\/strong>, guiando el proceso paso a paso, resolviendo tus inquietudes y asegurando que encuentres la unidad que realmente se ajusta a tu estilo de vida, necesidades y visi\u00f3n de futuro.<\/p><p>Agendar una visita o una reuni\u00f3n personalizada es el primer paso para descubrir por qu\u00e9 <strong>Villanela no es solo un lugar para vivir, sino una forma de vivir<\/strong>.<\/p>\t\t\t\t\t\t\t\t<\/div>\n\t\t\t\t<\/div>\n\t\t\t\t<\/div>\n\t\t\t\t\t<\/details>\n\t\t\t\t\t\t<details id=\"e-n-accordion-item-6422\" class=\"e-n-accordion-item\" >\n\t\t\t\t<summary class=\"e-n-accordion-item-title\" data-accordion-index=\"3\" tabindex=\"-1\" aria-expanded=\"false\" aria-controls=\"e-n-accordion-item-6422\" >\n\t\t\t\t\t<span class='e-n-accordion-item-title-header'><h6 class=\"e-n-accordion-item-title-text\"> \u00bfC\u00f3mo es el proceso de compra y qu\u00e9 formas de pago ofrecen? <\/h6><\/span>\n\t\t\t\t\t\t\t<span class='e-n-accordion-item-title-icon'>\n\t\t\t<span class='e-opened' ><i aria-hidden=\"true\" class=\"spaciaz-icon- spaciaz-icon-chevron-up\"><\/i><\/span>\n\t\t\t<span class='e-closed'><i aria-hidden=\"true\" class=\"spaciaz-icon- spaciaz-icon-chevron-down\"><\/i><\/span>\n\t\t<\/span>\n\n\t\t\t\t\t\t<\/summary>\n\t\t\t\t<div role=\"region\" aria-labelledby=\"e-n-accordion-item-6422\" class=\"elementor-element elementor-element-11623e1 e-con-full e-flex e-con e-child\" data-id=\"11623e1\" data-element_type=\"container\">\n\t\t\t\t<div class=\"elementor-element elementor-element-d02a2af elementor-widget__width-initial elementor-widget elementor-widget-text-editor\" data-id=\"d02a2af\" data-element_type=\"widget\" data-widget_type=\"text-editor.default\">\n\t\t\t\t<div class=\"elementor-widget-container\">\n\t\t\t\t\t\t\t\t\t<p>Las unidades est\u00e1n para entrega en corto plazo. La cuota inicial la planificamos a tus necesidades y la cuota final se paga a la escrituraci\u00f3n. Tambi\u00e9n puedes financiar con cr\u00e9dito hipotecario o leasing habitacional a trav\u00e9s de bancos aliados. Nuestro equipo te acompa\u00f1a en todo el proceso.<\/p>\t\t\t\t\t\t\t\t<\/div>\n\t\t\t\t<\/div>\n\t\t\t\t<\/div>\n\t\t\t\t\t<\/details>\n\t\t\t\t\t\t<details id=\"e-n-accordion-item-6423\" class=\"e-n-accordion-item\" >\n\t\t\t\t<summary class=\"e-n-accordion-item-title\" data-accordion-index=\"4\" tabindex=\"-1\" aria-expanded=\"false\" aria-controls=\"e-n-accordion-item-6423\" >\n\t\t\t\t\t<span class='e-n-accordion-item-title-header'><h6 class=\"e-n-accordion-item-title-text\"> \u00bfLas viviendas en Villanela Condominio Club aplican a subsidios del gobierno? <\/h6><\/span>\n\t\t\t\t\t\t\t<span class='e-n-accordion-item-title-icon'>\n\t\t\t<span class='e-opened' ><i aria-hidden=\"true\" class=\"spaciaz-icon- spaciaz-icon-chevron-up\"><\/i><\/span>\n\t\t\t<span class='e-closed'><i aria-hidden=\"true\" class=\"spaciaz-icon- spaciaz-icon-chevron-down\"><\/i><\/span>\n\t\t<\/span>\n\n\t\t\t\t\t\t<\/summary>\n\t\t\t\t<div role=\"region\" aria-labelledby=\"e-n-accordion-item-6423\" class=\"elementor-element elementor-element-2c689cb e-con-full e-flex e-con e-child\" data-id=\"2c689cb\" data-element_type=\"container\">\n\t\t\t\t<div class=\"elementor-element elementor-element-f1f9db1 elementor-widget__width-initial elementor-widget elementor-widget-text-editor\" data-id=\"f1f9db1\" data-element_type=\"widget\" data-widget_type=\"text-editor.default\">\n\t\t\t\t<div class=\"elementor-widget-container\">\n\t\t\t\t\t\t\t\t\t<p><strong>No.<\/strong> Las casas en Villanela no est\u00e1n clasificadas como Vivienda de Inter\u00e9s Social (VIS), por lo tanto no aplican a subsidios como <em>Mi Casa Ya<\/em> o los programas de las cajas de compensaci\u00f3n familiar.<\/p><p>Sin embargo, <strong>Villanela representa una inversi\u00f3n inteligente a largo plazo<\/strong>. Su ubicaci\u00f3n privilegiada, la alta calidad de los acabados, el enfoque en sostenibilidad y el crecimiento urbano de Turbaco lo posicionan como un proyecto con <strong>gran potencial de valorizaci\u00f3n<\/strong>, ideal para quienes buscan estabilidad patrimonial y calidad de vida.<\/p><p>Adem\u00e1s, nuestros compradores pueden hacer uso de sus cesant\u00edas, acceder a cr\u00e9ditos hipotecarios con condiciones preferenciales, o acogerse a planes de financiaci\u00f3n directa durante la etapa constructiva.<\/p>\t\t\t\t\t\t\t\t<\/div>\n\t\t\t\t<\/div>\n\t\t\t\t<\/div>\n\t\t\t\t\t<\/details>\n\t\t\t\t\t\t<details id=\"e-n-accordion-item-6424\" class=\"e-n-accordion-item\" >\n\t\t\t\t<summary class=\"e-n-accordion-item-title\" data-accordion-index=\"5\" tabindex=\"-1\" aria-expanded=\"false\" aria-controls=\"e-n-accordion-item-6424\" >\n\t\t\t\t\t<span class='e-n-accordion-item-title-header'><h6 class=\"e-n-accordion-item-title-text\"> \u00bfCu\u00e1les son los tiempos de entrega? <\/h6><\/span>\n\t\t\t\t\t\t\t<span class='e-n-accordion-item-title-icon'>\n\t\t\t<span class='e-opened' ><i aria-hidden=\"true\" class=\"spaciaz-icon- spaciaz-icon-chevron-up\"><\/i><\/span>\n\t\t\t<span class='e-closed'><i aria-hidden=\"true\" class=\"spaciaz-icon- spaciaz-icon-chevron-down\"><\/i><\/span>\n\t\t<\/span>\n\n\t\t\t\t\t\t<\/summary>\n\t\t\t\t<div role=\"region\" aria-labelledby=\"e-n-accordion-item-6424\" class=\"elementor-element elementor-element-0ab3d85 e-con-full e-flex e-con e-child\" data-id=\"0ab3d85\" data-element_type=\"container\">\n\t\t\t\t<div class=\"elementor-element elementor-element-a7b77f8 elementor-widget__width-initial elementor-widget elementor-widget-text-editor\" data-id=\"a7b77f8\" data-element_type=\"widget\" data-widget_type=\"text-editor.default\">\n\t\t\t\t<div class=\"elementor-widget-container\">\n\t\t\t\t\t\t\t\t\t<p>Las viviendas en <strong>Villanela Condominio Club<\/strong> estar\u00e1n listas para entrega en <strong>menos de 6 meses<\/strong>. Actualmente, las unidades se encuentran en <strong>fase avanzada de construcci\u00f3n<\/strong>, con estructuras terminadas y trabajos de acabados en curso.<\/p><p>Este corto plazo de entrega es una ventaja \u00fanica: podr\u00e1s <strong>ver lo que est\u00e1s comprando<\/strong>, tomar decisiones informadas y planificar tu mudanza o inversi\u00f3n sin largas esperas. Villanela no es una promesa a futuro \u2014es una realidad en marcha.<\/p><p>La entrega r\u00e1pida, sumada a la alta calidad constructiva y la ubicaci\u00f3n estrat\u00e9gica, hacen de Villanela una <strong>oportunidad excepcional para quienes desean disfrutar pronto de una vivienda exclusiva, segura y sostenible.<\/strong><\/p>\t\t\t\t\t\t\t\t<\/div>\n\t\t\t\t<\/div>\n\t\t\t\t<\/div>\n\t\t\t\t\t<\/details>\n\t\t\t\t\t<\/div>\n\t\t\t\t\t\t<\/div>\n\t\t\t\t<\/div>\n\t\t\t\t\t<\/div>\n\t\t\t\t<\/div>\n\t\t\t\t<\/div>\n\t\t","protected":false},"excerpt":{"rendered":"<p>Preguntas Frecuentes Home Preguntas Frecuentes Qu\u00e9 incluye el precio? Cada vivienda en Villanela Condominio Club se entrega completamente terminada, con acabados de alta gama seleccionados para brindar elegancia, durabilidad y confort. La cocina, los ba\u00f1os, los pisos, la ventaner\u00eda termoac\u00fastica y todos los espacios interiores est\u00e1n listos para habitar y disfrutar desde el primer d\u00eda. [&hellip;]<\/p>\n","protected":false},"author":1,"featured_media":0,"parent":0,"menu_order":0,"comment_status":"closed","ping_status":"closed","template":"template-homepage.php","meta":{"footnotes":""},"class_list":["post-59","page","type-page","status-publish","hentry"],"_links":{"self":[{"href":"https:\/\/villanela.co\/index.php\/wp-json\/wp\/v2\/pages\/59","targetHints":{"allow":["GET"]}}],"collection":[{"href":"https:\/\/villanela.co\/index.php\/wp-json\/wp\/v2\/pages"}],"about":[{"href":"https:\/\/villanela.co\/index.php\/wp-json\/wp\/v2\/types\/page"}],"author":[{"embeddable":true,"href":"https:\/\/villanela.co\/index.php\/wp-json\/wp\/v2\/users\/1"}],"replies":[{"embeddable":true,"href":"https:\/\/villanela.co\/index.php\/wp-json\/wp\/v2\/comments?post=59"}],"version-history":[{"count":23,"href":"https:\/\/villanela.co\/index.php\/wp-json\/wp\/v2\/pages\/59\/revisions"}],"predecessor-version":[{"id":6901,"href":"https:\/\/villanela.co\/index.php\/wp-json\/wp\/v2\/pages\/59\/revisions\/6901"}],"wp:attachment":[{"href":"https:\/\/villanela.co\/index.php\/wp-json\/wp\/v2\/media?parent=59"}],"curies":[{"name":"wp","href":"https:\/\/api.w.org\/{rel}","templated":true}]}}